{"id":12,"date":"2019-09-26T19:18:22","date_gmt":"2019-09-26T19:18:22","guid":{"rendered":"http:\/\/iteron.pl\/?page_id=12"},"modified":"2022-06-05T19:46:44","modified_gmt":"2022-06-05T19:46:44","slug":"oferta","status":"publish","type":"page","link":"https:\/\/iteron.pl\/?page_id=12","title":{"rendered":"WAPRO ERP"},"content":{"rendered":"\n<div class=\"wp-block-media-text alignwide is-stacked-on-mobile\"><figure class=\"wp-block-media-text__media\"><img loading=\"lazy\" decoding=\"async\" width=\"308\" height=\"50\" src=\"https:\/\/iteron.pl\/wp-content\/uploads\/2022\/05\/WAPRO_Mag_small.png\" alt=\"\" class=\"wp-image-750 size-full\" srcset=\"https:\/\/iteron.pl\/wp-content\/uploads\/2022\/05\/WAPRO_Mag_small.png 308w, https:\/\/iteron.pl\/wp-content\/uploads\/2022\/05\/WAPRO_Mag_small-300x49.png 300w\" sizes=\"(max-width: 308px) 100vw, 308px\" \/><\/figure><div class=\"wp-block-media-text__content\">\n<p class=\"has-medium-font-size\" style=\"font-style:normal;font-weight:300\"><em>Centralny element systemu WAPRO ERP, program <\/em><strong><em><a href=\"https:\/\/www.wapro.pl\/doc\/wapro-mag.pdf\" target=\"_blank\" rel=\"noreferrer noopener\">WAPRO Mag<\/a><\/em><\/strong><em> w pe\u0142ni  obs\u0142uguje wszystkie operacje zwi\u0105zane z dzia\u0142alno\u015bci\u0105 handlowa firmy.<\/em><\/p>\n<\/div><\/div>\n\n\n\n<div class=\"wp-block-media-text alignwide is-stacked-on-mobile\"><figure class=\"wp-block-media-text__media\"><img loading=\"lazy\" decoding=\"async\" width=\"308\" height=\"50\" src=\"https:\/\/iteron.pl\/wp-content\/uploads\/2022\/05\/WAPRO_Fakir_small.png\" alt=\"\" class=\"wp-image-748 size-full\" srcset=\"https:\/\/iteron.pl\/wp-content\/uploads\/2022\/05\/WAPRO_Fakir_small.png 308w, https:\/\/iteron.pl\/wp-content\/uploads\/2022\/05\/WAPRO_Fakir_small-300x49.png 300w\" sizes=\"(max-width: 308px) 100vw, 308px\" \/><\/figure><div class=\"wp-block-media-text__content\">\n<p class=\"has-medium-font-size\"><em>Program finansowo-ksi\u0119gowy <\/em><strong><em><a href=\"https:\/\/www.wapro.pl\/doc\/wapro-fakir.pdf\" target=\"_blank\" rel=\"noreferrer noopener\">WAPRO Fakir<\/a><\/em><\/strong><em> pozwala prowadzi\u0107 ksi\u0119gi rachunkowe w firmach handlowych, produkcyjnych i us\u0142ugowych.<\/em><\/p>\n<\/div><\/div>\n\n\n\n<div class=\"wp-block-media-text alignwide is-stacked-on-mobile\"><figure class=\"wp-block-media-text__media\"><img loading=\"lazy\" decoding=\"async\" width=\"308\" height=\"50\" src=\"https:\/\/iteron.pl\/wp-content\/uploads\/2022\/05\/WAPRO_Kaper_small.png\" alt=\"\" class=\"wp-image-749 size-full\" srcset=\"https:\/\/iteron.pl\/wp-content\/uploads\/2022\/05\/WAPRO_Kaper_small.png 308w, https:\/\/iteron.pl\/wp-content\/uploads\/2022\/05\/WAPRO_Kaper_small-300x49.png 300w\" sizes=\"(max-width: 308px) 100vw, 308px\" \/><\/figure><div class=\"wp-block-media-text__content\">\n<p class=\"has-medium-font-size\"><br><strong><em><a href=\"https:\/\/www.wapro.pl\/doc\/wapro-kaper.pdf\" target=\"_blank\" rel=\"noreferrer noopener\">WAPRO Kaper<\/a><\/em><\/strong><em> to ksi\u0119ga podatkowa i rycza\u0142t oraz uproszczone p\u0142ace, \u015brodki trwa\u0142e, rozliczenie samochod\u00f3w.<\/em><\/p>\n<\/div><\/div>\n\n\n\n<p><\/p>\n\n\n\n<p><\/p>\n","protected":false},"excerpt":{"rendered":"<p>Centralny element systemu WAPRO ERP, program WAPRO Mag w pe\u0142ni obs\u0142uguje wszystkie operacje zwi\u0105zane z dzia\u0142alno\u015bci\u0105 handlowa firmy. Program finansowo-ksi\u0119gowy WAPRO Fakir [&hellip;]<\/p>\n","protected":false},"author":1,"featured_media":0,"parent":0,"menu_order":0,"comment_status":"closed","ping_status":"closed","template":"","meta":{"footnotes":""},"yoast_head":"<!-- This site is optimized with the Yoast SEO plugin v22.8 - https:\/\/yoast.com\/wordpress\/plugins\/seo\/ -->\n<title>WAPRO ERP - Iteron Sp. z o.o.<\/title>\n<meta name=\"robots\" content=\"index, follow, max-snippet:-1, max-image-preview:large, max-video-preview:-1\" \/>\n<link rel=\"canonical\" href=\"https:\/\/iteron.pl\/?page_id=12\" \/>\n<meta property=\"og:locale\" content=\"pl_PL\" \/>\n<meta property=\"og:type\" content=\"article\" \/>\n<meta property=\"og:title\" content=\"WAPRO ERP - Iteron Sp. z o.o.\" \/>\n<meta property=\"og:description\" content=\"Centralny element systemu WAPRO ERP, program WAPRO Mag w pe\u0142ni obs\u0142uguje wszystkie operacje zwi\u0105zane z dzia\u0142alno\u015bci\u0105 handlowa firmy. Program finansowo-ksi\u0119gowy WAPRO Fakir [&hellip;]\" \/>\n<meta property=\"og:url\" content=\"https:\/\/iteron.pl\/?page_id=12\" \/>\n<meta property=\"og:site_name\" content=\"Iteron Sp. z o.o.\" \/>\n<meta property=\"article:modified_time\" content=\"2022-06-05T19:46:44+00:00\" \/>\n<meta property=\"og:image\" content=\"https:\/\/iteron.pl\/wp-content\/uploads\/2022\/05\/WAPRO_Mag_small.png\" \/>\n<meta name=\"twitter:card\" content=\"summary_large_image\" \/>\n<meta name=\"twitter:label1\" content=\"Szacowany czas czytania\" \/>\n\t<meta name=\"twitter:data1\" content=\"1 minuta\" \/>\n<script type=\"application\/ld+json\" class=\"yoast-schema-graph\">{\"@context\":\"https:\/\/schema.org\",\"@graph\":[{\"@type\":\"WebPage\",\"@id\":\"https:\/\/iteron.pl\/?page_id=12\",\"url\":\"https:\/\/iteron.pl\/?page_id=12\",\"name\":\"WAPRO ERP - Iteron Sp. z o.o.\",\"isPartOf\":{\"@id\":\"https:\/\/iteron.pl\/#website\"},\"primaryImageOfPage\":{\"@id\":\"https:\/\/iteron.pl\/?page_id=12#primaryimage\"},\"image\":{\"@id\":\"https:\/\/iteron.pl\/?page_id=12#primaryimage\"},\"thumbnailUrl\":\"https:\/\/iteron.pl\/wp-content\/uploads\/2022\/05\/WAPRO_Mag_small.png\",\"datePublished\":\"2019-09-26T19:18:22+00:00\",\"dateModified\":\"2022-06-05T19:46:44+00:00\",\"breadcrumb\":{\"@id\":\"https:\/\/iteron.pl\/?page_id=12#breadcrumb\"},\"inLanguage\":\"pl-PL\",\"potentialAction\":[{\"@type\":\"ReadAction\",\"target\":[\"https:\/\/iteron.pl\/?page_id=12\"]}]},{\"@type\":\"ImageObject\",\"inLanguage\":\"pl-PL\",\"@id\":\"https:\/\/iteron.pl\/?page_id=12#primaryimage\",\"url\":\"https:\/\/iteron.pl\/wp-content\/uploads\/2022\/05\/WAPRO_Mag_small.png\",\"contentUrl\":\"https:\/\/iteron.pl\/wp-content\/uploads\/2022\/05\/WAPRO_Mag_small.png\",\"width\":308,\"height\":50},{\"@type\":\"BreadcrumbList\",\"@id\":\"https:\/\/iteron.pl\/?page_id=12#breadcrumb\",\"itemListElement\":[{\"@type\":\"ListItem\",\"position\":1,\"name\":\"Strona g\u0142\u00f3wna\",\"item\":\"https:\/\/iteron.pl\/\"},{\"@type\":\"ListItem\",\"position\":2,\"name\":\"WAPRO ERP\"}]},{\"@type\":\"WebSite\",\"@id\":\"https:\/\/iteron.pl\/#website\",\"url\":\"https:\/\/iteron.pl\/\",\"name\":\"Iteron Sp. z o.o.\",\"description\":\"Programy WAPRO ERP by ASSECO\",\"publisher\":{\"@id\":\"https:\/\/iteron.pl\/#organization\"},\"potentialAction\":[{\"@type\":\"SearchAction\",\"target\":{\"@type\":\"EntryPoint\",\"urlTemplate\":\"https:\/\/iteron.pl\/?s={search_term_string}\"},\"query-input\":\"required name=search_term_string\"}],\"inLanguage\":\"pl-PL\"},{\"@type\":\"Organization\",\"@id\":\"https:\/\/iteron.pl\/#organization\",\"name\":\"Iteron Sp. z o.o.\",\"url\":\"https:\/\/iteron.pl\/\",\"logo\":{\"@type\":\"ImageObject\",\"inLanguage\":\"pl-PL\",\"@id\":\"https:\/\/iteron.pl\/#\/schema\/logo\/image\/\",\"url\":\"https:\/\/iteron.pl\/wp-content\/uploads\/2022\/05\/cropped-Logo_czerwone.png\",\"contentUrl\":\"https:\/\/iteron.pl\/wp-content\/uploads\/2022\/05\/cropped-Logo_czerwone.png\",\"width\":240,\"height\":82,\"caption\":\"Iteron Sp. z o.o.\"},\"image\":{\"@id\":\"https:\/\/iteron.pl\/#\/schema\/logo\/image\/\"}}]}<\/script>\n<!-- \/ Yoast SEO plugin. -->","yoast_head_json":{"title":"WAPRO ERP - Iteron Sp. z o.o.","robots":{"index":"index","follow":"follow","max-snippet":"max-snippet:-1","max-image-preview":"max-image-preview:large","max-video-preview":"max-video-preview:-1"},"canonical":"https:\/\/iteron.pl\/?page_id=12","og_locale":"pl_PL","og_type":"article","og_title":"WAPRO ERP - Iteron Sp. z o.o.","og_description":"Centralny element systemu WAPRO ERP, program WAPRO Mag w pe\u0142ni obs\u0142uguje wszystkie operacje zwi\u0105zane z dzia\u0142alno\u015bci\u0105 handlowa firmy. Program finansowo-ksi\u0119gowy WAPRO Fakir [&hellip;]","og_url":"https:\/\/iteron.pl\/?page_id=12","og_site_name":"Iteron Sp. z o.o.","article_modified_time":"2022-06-05T19:46:44+00:00","og_image":[{"url":"https:\/\/iteron.pl\/wp-content\/uploads\/2022\/05\/WAPRO_Mag_small.png"}],"twitter_card":"summary_large_image","twitter_misc":{"Szacowany czas czytania":"1 minuta"},"schema":{"@context":"https:\/\/schema.org","@graph":[{"@type":"WebPage","@id":"https:\/\/iteron.pl\/?page_id=12","url":"https:\/\/iteron.pl\/?page_id=12","name":"WAPRO ERP - Iteron Sp. z o.o.","isPartOf":{"@id":"https:\/\/iteron.pl\/#website"},"primaryImageOfPage":{"@id":"https:\/\/iteron.pl\/?page_id=12#primaryimage"},"image":{"@id":"https:\/\/iteron.pl\/?page_id=12#primaryimage"},"thumbnailUrl":"https:\/\/iteron.pl\/wp-content\/uploads\/2022\/05\/WAPRO_Mag_small.png","datePublished":"2019-09-26T19:18:22+00:00","dateModified":"2022-06-05T19:46:44+00:00","breadcrumb":{"@id":"https:\/\/iteron.pl\/?page_id=12#breadcrumb"},"inLanguage":"pl-PL","potentialAction":[{"@type":"ReadAction","target":["https:\/\/iteron.pl\/?page_id=12"]}]},{"@type":"ImageObject","inLanguage":"pl-PL","@id":"https:\/\/iteron.pl\/?page_id=12#primaryimage","url":"https:\/\/iteron.pl\/wp-content\/uploads\/2022\/05\/WAPRO_Mag_small.png","contentUrl":"https:\/\/iteron.pl\/wp-content\/uploads\/2022\/05\/WAPRO_Mag_small.png","width":308,"height":50},{"@type":"BreadcrumbList","@id":"https:\/\/iteron.pl\/?page_id=12#breadcrumb","itemListElement":[{"@type":"ListItem","position":1,"name":"Strona g\u0142\u00f3wna","item":"https:\/\/iteron.pl\/"},{"@type":"ListItem","position":2,"name":"WAPRO ERP"}]},{"@type":"WebSite","@id":"https:\/\/iteron.pl\/#website","url":"https:\/\/iteron.pl\/","name":"Iteron Sp. z o.o.","description":"Programy WAPRO ERP by ASSECO","publisher":{"@id":"https:\/\/iteron.pl\/#organization"},"potentialAction":[{"@type":"SearchAction","target":{"@type":"EntryPoint","urlTemplate":"https:\/\/iteron.pl\/?s={search_term_string}"},"query-input":"required name=search_term_string"}],"inLanguage":"pl-PL"},{"@type":"Organization","@id":"https:\/\/iteron.pl\/#organization","name":"Iteron Sp. z o.o.","url":"https:\/\/iteron.pl\/","logo":{"@type":"ImageObject","inLanguage":"pl-PL","@id":"https:\/\/iteron.pl\/#\/schema\/logo\/image\/","url":"https:\/\/iteron.pl\/wp-content\/uploads\/2022\/05\/cropped-Logo_czerwone.png","contentUrl":"https:\/\/iteron.pl\/wp-content\/uploads\/2022\/05\/cropped-Logo_czerwone.png","width":240,"height":82,"caption":"Iteron Sp. z o.o."},"image":{"@id":"https:\/\/iteron.pl\/#\/schema\/logo\/image\/"}}]}},"_links":{"self":[{"href":"https:\/\/iteron.pl\/index.php?rest_route=\/wp\/v2\/pages\/12"}],"collection":[{"href":"https:\/\/iteron.pl\/index.php?rest_route=\/wp\/v2\/pages"}],"about":[{"href":"https:\/\/iteron.pl\/index.php?rest_route=\/wp\/v2\/types\/page"}],"author":[{"embeddable":true,"href":"https:\/\/iteron.pl\/index.php?rest_route=\/wp\/v2\/users\/1"}],"replies":[{"embeddable":true,"href":"https:\/\/iteron.pl\/index.php?rest_route=%2Fwp%2Fv2%2Fcomments&post=12"}],"version-history":[{"count":13,"href":"https:\/\/iteron.pl\/index.php?rest_route=\/wp\/v2\/pages\/12\/revisions"}],"predecessor-version":[{"id":771,"href":"https:\/\/iteron.pl\/index.php?rest_route=\/wp\/v2\/pages\/12\/revisions\/771"}],"wp:attachment":[{"href":"https:\/\/iteron.pl\/index.php?rest_route=%2Fwp%2Fv2%2Fmedia&parent=12"}],"curies":[{"name":"wp","href":"https:\/\/api.w.org\/{rel}","templated":true}]}}