{"id":30,"date":"2019-09-26T20:30:31","date_gmt":"2019-09-26T20:30:31","guid":{"rendered":"http:\/\/iteron.pl\/?page_id=30"},"modified":"2024-06-03T22:26:59","modified_gmt":"2024-06-03T22:26:59","slug":"kontakt","status":"publish","type":"page","link":"https:\/\/iteron.pl\/?page_id=30","title":{"rendered":"Kontakt"},"content":{"rendered":"\n<pre class=\"wp-block-preformatted\"> <strong>Iteron Sp. z o.o. <\/strong>\n\n Telefon:<strong>+ 48 724 888 427 <\/strong>\n\n E-mail: <a href=\"mailto:biuro@iteron.pl\">biuro@iteron.pl<\/a> \n\n Adres: Rabatowa 28, 04-666 Warszawa \n NIP:  952-211-70-36 \n www: <a href=\"http:\/\/iteron.pl\/\" target=\"_blank\" rel=\"noreferrer noopener\">iteron.pl <\/a> \n<\/pre>\n\n\n\n<pre class=\"wp-block-preformatted\">Sp\u00f3\u0142ka zarejestrowana przez S\u0105d Rejonowy dla M.ST. Warszawy<br>XIII Wydzia\u0142 Gospodarczy Krajowego Rejestru S\u0105dowego <br>pod nr <strong>0000404224 <\/strong><br>Kapita\u0142 zak\u0142adowy i wp\u0142acony 100.000 z\u0142<br>NIP <strong>9522117036<\/strong>, REGON <strong>145909880<\/strong><\/pre>\n\n\n\n<iframe src=\"https:\/\/www.google.com\/maps\/embed?pb=!1m18!1m12!1m3!1d2444.0590499674527!2d21.13916067732013!3d52.22414497198518!2m3!1f0!2f0!3f0!3m2!1i1024!2i768!4f13.1!3m3!1m2!1s0x471ed267e327e39d%3A0x75be3fb15661049d!2sRabatowa%2028%2C%2004-666%20Warszawa!5e0!3m2!1spl!2spl!4v1717453569126!5m2!1spl!2spl\" width=\"600\" height=\"450\" style=\"border:0;\" allowfullscreen=\"\" loading=\"lazy\" referrerpolicy=\"no-referrer-when-downgrade\"><\/iframe>\n","protected":false},"excerpt":{"rendered":"<p>Iteron Sp. z o.o. Telefon:+ 48 724 888 427 E-mail: biuro@iteron.pl Adres: Rabatowa 28, 04-666 Warszawa NIP: 952-211-70-36 www: iteron.pl Sp\u00f3\u0142ka zarejestrowana [&hellip;]<\/p>\n","protected":false},"author":1,"featured_media":0,"parent":0,"menu_order":0,"comment_status":"closed","ping_status":"closed","template":"","meta":{"footnotes":""},"yoast_head":"<!-- This site is optimized with the Yoast SEO plugin v22.8 - https:\/\/yoast.com\/wordpress\/plugins\/seo\/ -->\n<title>Kontakt - Iteron Sp. z o.o.<\/title>\n<meta name=\"robots\" content=\"index, follow, max-snippet:-1, max-image-preview:large, max-video-preview:-1\" \/>\n<link rel=\"canonical\" href=\"https:\/\/iteron.pl\/?page_id=30\" \/>\n<meta property=\"og:locale\" content=\"pl_PL\" \/>\n<meta property=\"og:type\" content=\"article\" \/>\n<meta property=\"og:title\" content=\"Kontakt - Iteron Sp. z o.o.\" \/>\n<meta property=\"og:description\" content=\"Iteron Sp. z o.o. Telefon:+ 48 724 888 427 E-mail: biuro@iteron.pl Adres: Rabatowa 28, 04-666 Warszawa NIP: 952-211-70-36 www: iteron.pl Sp\u00f3\u0142ka zarejestrowana [&hellip;]\" \/>\n<meta property=\"og:url\" content=\"https:\/\/iteron.pl\/?page_id=30\" \/>\n<meta property=\"og:site_name\" content=\"Iteron Sp. z o.o.\" \/>\n<meta property=\"article:modified_time\" content=\"2024-06-03T22:26:59+00:00\" \/>\n<meta name=\"twitter:card\" content=\"summary_large_image\" \/>\n<meta name=\"twitter:label1\" content=\"Szacowany czas czytania\" \/>\n\t<meta name=\"twitter:data1\" content=\"1 minuta\" \/>\n<script type=\"application\/ld+json\" class=\"yoast-schema-graph\">{\"@context\":\"https:\/\/schema.org\",\"@graph\":[{\"@type\":\"WebPage\",\"@id\":\"https:\/\/iteron.pl\/?page_id=30\",\"url\":\"https:\/\/iteron.pl\/?page_id=30\",\"name\":\"Kontakt - Iteron Sp. z o.o.\",\"isPartOf\":{\"@id\":\"https:\/\/iteron.pl\/#website\"},\"datePublished\":\"2019-09-26T20:30:31+00:00\",\"dateModified\":\"2024-06-03T22:26:59+00:00\",\"breadcrumb\":{\"@id\":\"https:\/\/iteron.pl\/?page_id=30#breadcrumb\"},\"inLanguage\":\"pl-PL\",\"potentialAction\":[{\"@type\":\"ReadAction\",\"target\":[\"https:\/\/iteron.pl\/?page_id=30\"]}]},{\"@type\":\"BreadcrumbList\",\"@id\":\"https:\/\/iteron.pl\/?page_id=30#breadcrumb\",\"itemListElement\":[{\"@type\":\"ListItem\",\"position\":1,\"name\":\"Strona g\u0142\u00f3wna\",\"item\":\"https:\/\/iteron.pl\/\"},{\"@type\":\"ListItem\",\"position\":2,\"name\":\"Kontakt\"}]},{\"@type\":\"WebSite\",\"@id\":\"https:\/\/iteron.pl\/#website\",\"url\":\"https:\/\/iteron.pl\/\",\"name\":\"Iteron Sp. z o.o.\",\"description\":\"Programy WAPRO ERP by ASSECO\",\"publisher\":{\"@id\":\"https:\/\/iteron.pl\/#organization\"},\"potentialAction\":[{\"@type\":\"SearchAction\",\"target\":{\"@type\":\"EntryPoint\",\"urlTemplate\":\"https:\/\/iteron.pl\/?s={search_term_string}\"},\"query-input\":\"required name=search_term_string\"}],\"inLanguage\":\"pl-PL\"},{\"@type\":\"Organization\",\"@id\":\"https:\/\/iteron.pl\/#organization\",\"name\":\"Iteron Sp. z o.o.\",\"url\":\"https:\/\/iteron.pl\/\",\"logo\":{\"@type\":\"ImageObject\",\"inLanguage\":\"pl-PL\",\"@id\":\"https:\/\/iteron.pl\/#\/schema\/logo\/image\/\",\"url\":\"https:\/\/iteron.pl\/wp-content\/uploads\/2022\/05\/cropped-Logo_czerwone.png\",\"contentUrl\":\"https:\/\/iteron.pl\/wp-content\/uploads\/2022\/05\/cropped-Logo_czerwone.png\",\"width\":240,\"height\":82,\"caption\":\"Iteron Sp. z o.o.\"},\"image\":{\"@id\":\"https:\/\/iteron.pl\/#\/schema\/logo\/image\/\"}}]}<\/script>\n<!-- \/ Yoast SEO plugin. -->","yoast_head_json":{"title":"Kontakt - Iteron Sp. z o.o.","robots":{"index":"index","follow":"follow","max-snippet":"max-snippet:-1","max-image-preview":"max-image-preview:large","max-video-preview":"max-video-preview:-1"},"canonical":"https:\/\/iteron.pl\/?page_id=30","og_locale":"pl_PL","og_type":"article","og_title":"Kontakt - Iteron Sp. z o.o.","og_description":"Iteron Sp. z o.o. Telefon:+ 48 724 888 427 E-mail: biuro@iteron.pl Adres: Rabatowa 28, 04-666 Warszawa NIP: 952-211-70-36 www: iteron.pl Sp\u00f3\u0142ka zarejestrowana [&hellip;]","og_url":"https:\/\/iteron.pl\/?page_id=30","og_site_name":"Iteron Sp. z o.o.","article_modified_time":"2024-06-03T22:26:59+00:00","twitter_card":"summary_large_image","twitter_misc":{"Szacowany czas czytania":"1 minuta"},"schema":{"@context":"https:\/\/schema.org","@graph":[{"@type":"WebPage","@id":"https:\/\/iteron.pl\/?page_id=30","url":"https:\/\/iteron.pl\/?page_id=30","name":"Kontakt - Iteron Sp. z o.o.","isPartOf":{"@id":"https:\/\/iteron.pl\/#website"},"datePublished":"2019-09-26T20:30:31+00:00","dateModified":"2024-06-03T22:26:59+00:00","breadcrumb":{"@id":"https:\/\/iteron.pl\/?page_id=30#breadcrumb"},"inLanguage":"pl-PL","potentialAction":[{"@type":"ReadAction","target":["https:\/\/iteron.pl\/?page_id=30"]}]},{"@type":"BreadcrumbList","@id":"https:\/\/iteron.pl\/?page_id=30#breadcrumb","itemListElement":[{"@type":"ListItem","position":1,"name":"Strona g\u0142\u00f3wna","item":"https:\/\/iteron.pl\/"},{"@type":"ListItem","position":2,"name":"Kontakt"}]},{"@type":"WebSite","@id":"https:\/\/iteron.pl\/#website","url":"https:\/\/iteron.pl\/","name":"Iteron Sp. z o.o.","description":"Programy WAPRO ERP by ASSECO","publisher":{"@id":"https:\/\/iteron.pl\/#organization"},"potentialAction":[{"@type":"SearchAction","target":{"@type":"EntryPoint","urlTemplate":"https:\/\/iteron.pl\/?s={search_term_string}"},"query-input":"required name=search_term_string"}],"inLanguage":"pl-PL"},{"@type":"Organization","@id":"https:\/\/iteron.pl\/#organization","name":"Iteron Sp. z o.o.","url":"https:\/\/iteron.pl\/","logo":{"@type":"ImageObject","inLanguage":"pl-PL","@id":"https:\/\/iteron.pl\/#\/schema\/logo\/image\/","url":"https:\/\/iteron.pl\/wp-content\/uploads\/2022\/05\/cropped-Logo_czerwone.png","contentUrl":"https:\/\/iteron.pl\/wp-content\/uploads\/2022\/05\/cropped-Logo_czerwone.png","width":240,"height":82,"caption":"Iteron Sp. z o.o."},"image":{"@id":"https:\/\/iteron.pl\/#\/schema\/logo\/image\/"}}]}},"_links":{"self":[{"href":"https:\/\/iteron.pl\/index.php?rest_route=\/wp\/v2\/pages\/30"}],"collection":[{"href":"https:\/\/iteron.pl\/index.php?rest_route=\/wp\/v2\/pages"}],"about":[{"href":"https:\/\/iteron.pl\/index.php?rest_route=\/wp\/v2\/types\/page"}],"author":[{"embeddable":true,"href":"https:\/\/iteron.pl\/index.php?rest_route=\/wp\/v2\/users\/1"}],"replies":[{"embeddable":true,"href":"https:\/\/iteron.pl\/index.php?rest_route=%2Fwp%2Fv2%2Fcomments&post=30"}],"version-history":[{"count":7,"href":"https:\/\/iteron.pl\/index.php?rest_route=\/wp\/v2\/pages\/30\/revisions"}],"predecessor-version":[{"id":828,"href":"https:\/\/iteron.pl\/index.php?rest_route=\/wp\/v2\/pages\/30\/revisions\/828"}],"wp:attachment":[{"href":"https:\/\/iteron.pl\/index.php?rest_route=%2Fwp%2Fv2%2Fmedia&parent=30"}],"curies":[{"name":"wp","href":"https:\/\/api.w.org\/{rel}","templated":true}]}}