{"id":665,"date":"2019-10-11T19:40:00","date_gmt":"2019-10-11T19:40:00","guid":{"rendered":"http:\/\/iteron.pl\/?page_id=665"},"modified":"2022-06-06T05:32:38","modified_gmt":"2022-06-06T05:32:38","slug":"mistral","status":"publish","type":"page","link":"https:\/\/iteron.pl\/?page_id=665","title":{"rendered":"Mistral.net"},"content":{"rendered":"\n<p><strong><a href=\"https:\/\/mistral.net.pl\/\" target=\"_blank\" rel=\"noreferrer noopener\">System Mistral Business B2B<\/a> to zaawansowana platforma zam\u00f3wie\u0144 internetowych i obs\u0142ugi klienta wzbogacona o funkcje CRM, w pe\u0142ni zintegrowana z programem WAPRO Mag. Umo\u017cliwia kompleksow\u0105 obs\u0142ug\u0119 klient\u00f3w ka\u017cdej hurtowni, producenta, importera, dostawcy us\u0142ug cyklicznych czy dystrybutora.<\/strong><\/p>\n\n\n\n<p>MiStral Business B2B to obs\u0142uga klienta przez 24 godziny na dob\u0119, 7 dni w tygodniu. Automatyzacja i uproszczenie pracy dzia\u0142u handlowego, eliminacja b\u0142\u0119d\u00f3w i czynnik\u00f3w ludzkich, presti\u017c i nowoczesny wizerunek firmy. System dzia\u0142a w trybie on-line na bazie danych programu Asseco WAPRO Mag. Nie ma \u017cadnych dodatkowych mechanizm\u00f3w wymiany danych. Z\u0142o\u017cone przez klienta zam\u00f3wienie w systemie Mistral Business B2B natychmiast zapisuje si\u0119 w programie WAPRO Mag. Wprowadzane do programu WAPRO Mag nowe produkty s\u0105 automatycznie prezentowane partnerom handlowym bez konieczno\u015bci przepisywania danych. Zalogowany kontrahent mo\u017ce przegl\u0105da\u0107 swoje rozrachunki i faktury VAT, ceny i promocje, strategie cenowe i stany oraz rezerwacje i historia zam\u00f3wie\u0144. Rozbudowany system uprawnie\u0144 pozwala w elastyczny spos\u00f3b dostosowa\u0107 prezentacje wybranych element\u00f3w systemu poszczeg\u00f3lnym u\u017cytkownikom. System zapewnia pe\u0142na automatyzacje obs\u0142ugi zam\u00f3wie\u0144 oraz prezentacje wybranych zasob\u00f3w programu WAPRO Mag na stronach platformy B2B.<\/p>\n\n\n\n<p>Mistral Business B2B wyst\u0119puje w<a href=\"https:\/\/mistral.net.pl\/roznice-w-wariantach\/\" target=\"_blank\" rel=\"noreferrer noopener\"> trzech wersjach funkcjonalnych<\/a>: Business, Business PRO oraz Business PRO PLUS. Ka\u017cdy z powy\u017cszych wariant\u00f3w w prosty i bezpieczny spos\u00f3b pozwoli w ekspresowym tempie przenie\u015b\u0107 biznes do sieci internet. Otworzenie hurtowni internetowej jeszcze nigdy nie by\u0142o tak proste.<\/p>\n\n\n\n<p>Mistral Business B2B zawiera wiele funkcji zdecydowanie wykraczaj\u0105cych poza typowe mo\u017cliwo\u015bci systemu zam\u00f3wie\u0144. Dost\u0119pne s\u0105 takie modu\u0142y jak Reklamacje RMA, Windykacja, Rozsy\u0142anie Faktur VAT, Ofertowanie CRM, Obs\u0142uga przedstawicieli handlowych, Newsletter, Manager zakup\u00f3w i obs\u0142uga kontrahenta wielooddzia\u0142owego, kt\u00f3re stanowi\u0105 wa\u017cne elementy z zakresu zagadnie\u0144 CRM, pomocnych przy obs\u0142udze klienta w ka\u017cdej firmie.<\/p>\n\n\n\n<p>Ten system mo\u017cemy zainstalowa\u0107 na serwerach klienta razem z programem WAPRO Mag lub na serwerach zewn\u0119trznych w chmurze.<\/p>\n\n\n\n<a class=\"wp-block-image\" href=\"https:\/\/mistral.net.pl\/\" ?<figure=\"\"><img decoding=\"async\" class=\"wp-image-666\" alt=\"\" src=\"http:\/\/iteron.pl\/wp-content\/uploads\/2022\/05\/mistral.png\"><\/a>\n","protected":false},"excerpt":{"rendered":"<p>System Mistral Business B2B to zaawansowana platforma zam\u00f3wie\u0144 internetowych i obs\u0142ugi klienta wzbogacona o funkcje CRM, w pe\u0142ni zintegrowana z programem WAPRO [&hellip;]<\/p>\n","protected":false},"author":1,"featured_media":0,"parent":0,"menu_order":0,"comment_status":"closed","ping_status":"closed","template":"","meta":{"footnotes":""},"yoast_head":"<!-- This site is optimized with the Yoast SEO plugin v22.8 - https:\/\/yoast.com\/wordpress\/plugins\/seo\/ -->\n<title>Mistral.net - Iteron Sp. z o.o.<\/title>\n<meta name=\"robots\" content=\"index, follow, max-snippet:-1, max-image-preview:large, max-video-preview:-1\" \/>\n<link rel=\"canonical\" href=\"https:\/\/iteron.pl\/?page_id=665\" \/>\n<meta property=\"og:locale\" content=\"pl_PL\" \/>\n<meta property=\"og:type\" content=\"article\" \/>\n<meta property=\"og:title\" content=\"Mistral.net - Iteron Sp. z o.o.\" \/>\n<meta property=\"og:description\" content=\"System Mistral Business B2B to zaawansowana platforma zam\u00f3wie\u0144 internetowych i obs\u0142ugi klienta wzbogacona o funkcje CRM, w pe\u0142ni zintegrowana z programem WAPRO [&hellip;]\" \/>\n<meta property=\"og:url\" content=\"https:\/\/iteron.pl\/?page_id=665\" \/>\n<meta property=\"og:site_name\" content=\"Iteron Sp. z o.o.\" \/>\n<meta property=\"article:modified_time\" content=\"2022-06-06T05:32:38+00:00\" \/>\n<meta property=\"og:image\" content=\"http:\/\/iteron.pl\/wp-content\/uploads\/2022\/05\/mistral.png\" \/>\n<meta name=\"twitter:card\" content=\"summary_large_image\" \/>\n<meta name=\"twitter:label1\" content=\"Szacowany czas czytania\" \/>\n\t<meta name=\"twitter:data1\" content=\"2 minuty\" \/>\n<script type=\"application\/ld+json\" class=\"yoast-schema-graph\">{\"@context\":\"https:\/\/schema.org\",\"@graph\":[{\"@type\":\"WebPage\",\"@id\":\"https:\/\/iteron.pl\/?page_id=665\",\"url\":\"https:\/\/iteron.pl\/?page_id=665\",\"name\":\"Mistral.net - Iteron Sp. z o.o.\",\"isPartOf\":{\"@id\":\"https:\/\/iteron.pl\/#website\"},\"primaryImageOfPage\":{\"@id\":\"https:\/\/iteron.pl\/?page_id=665#primaryimage\"},\"image\":{\"@id\":\"https:\/\/iteron.pl\/?page_id=665#primaryimage\"},\"thumbnailUrl\":\"http:\/\/iteron.pl\/wp-content\/uploads\/2022\/05\/mistral.png\",\"datePublished\":\"2019-10-11T19:40:00+00:00\",\"dateModified\":\"2022-06-06T05:32:38+00:00\",\"breadcrumb\":{\"@id\":\"https:\/\/iteron.pl\/?page_id=665#breadcrumb\"},\"inLanguage\":\"pl-PL\",\"potentialAction\":[{\"@type\":\"ReadAction\",\"target\":[\"https:\/\/iteron.pl\/?page_id=665\"]}]},{\"@type\":\"ImageObject\",\"inLanguage\":\"pl-PL\",\"@id\":\"https:\/\/iteron.pl\/?page_id=665#primaryimage\",\"url\":\"https:\/\/iteron.pl\/wp-content\/uploads\/2022\/05\/mistral.png\",\"contentUrl\":\"https:\/\/iteron.pl\/wp-content\/uploads\/2022\/05\/mistral.png\",\"width\":300,\"height\":117},{\"@type\":\"BreadcrumbList\",\"@id\":\"https:\/\/iteron.pl\/?page_id=665#breadcrumb\",\"itemListElement\":[{\"@type\":\"ListItem\",\"position\":1,\"name\":\"Strona g\u0142\u00f3wna\",\"item\":\"https:\/\/iteron.pl\/\"},{\"@type\":\"ListItem\",\"position\":2,\"name\":\"Mistral.net\"}]},{\"@type\":\"WebSite\",\"@id\":\"https:\/\/iteron.pl\/#website\",\"url\":\"https:\/\/iteron.pl\/\",\"name\":\"Iteron Sp. z o.o.\",\"description\":\"Programy WAPRO ERP by ASSECO\",\"publisher\":{\"@id\":\"https:\/\/iteron.pl\/#organization\"},\"potentialAction\":[{\"@type\":\"SearchAction\",\"target\":{\"@type\":\"EntryPoint\",\"urlTemplate\":\"https:\/\/iteron.pl\/?s={search_term_string}\"},\"query-input\":\"required name=search_term_string\"}],\"inLanguage\":\"pl-PL\"},{\"@type\":\"Organization\",\"@id\":\"https:\/\/iteron.pl\/#organization\",\"name\":\"Iteron Sp. z o.o.\",\"url\":\"https:\/\/iteron.pl\/\",\"logo\":{\"@type\":\"ImageObject\",\"inLanguage\":\"pl-PL\",\"@id\":\"https:\/\/iteron.pl\/#\/schema\/logo\/image\/\",\"url\":\"https:\/\/iteron.pl\/wp-content\/uploads\/2022\/05\/cropped-Logo_czerwone.png\",\"contentUrl\":\"https:\/\/iteron.pl\/wp-content\/uploads\/2022\/05\/cropped-Logo_czerwone.png\",\"width\":240,\"height\":82,\"caption\":\"Iteron Sp. z o.o.\"},\"image\":{\"@id\":\"https:\/\/iteron.pl\/#\/schema\/logo\/image\/\"}}]}<\/script>\n<!-- \/ Yoast SEO plugin. -->","yoast_head_json":{"title":"Mistral.net - Iteron Sp. z o.o.","robots":{"index":"index","follow":"follow","max-snippet":"max-snippet:-1","max-image-preview":"max-image-preview:large","max-video-preview":"max-video-preview:-1"},"canonical":"https:\/\/iteron.pl\/?page_id=665","og_locale":"pl_PL","og_type":"article","og_title":"Mistral.net - Iteron Sp. z o.o.","og_description":"System Mistral Business B2B to zaawansowana platforma zam\u00f3wie\u0144 internetowych i obs\u0142ugi klienta wzbogacona o funkcje CRM, w pe\u0142ni zintegrowana z programem WAPRO [&hellip;]","og_url":"https:\/\/iteron.pl\/?page_id=665","og_site_name":"Iteron Sp. z o.o.","article_modified_time":"2022-06-06T05:32:38+00:00","og_image":[{"url":"http:\/\/iteron.pl\/wp-content\/uploads\/2022\/05\/mistral.png"}],"twitter_card":"summary_large_image","twitter_misc":{"Szacowany czas czytania":"2 minuty"},"schema":{"@context":"https:\/\/schema.org","@graph":[{"@type":"WebPage","@id":"https:\/\/iteron.pl\/?page_id=665","url":"https:\/\/iteron.pl\/?page_id=665","name":"Mistral.net - Iteron Sp. z o.o.","isPartOf":{"@id":"https:\/\/iteron.pl\/#website"},"primaryImageOfPage":{"@id":"https:\/\/iteron.pl\/?page_id=665#primaryimage"},"image":{"@id":"https:\/\/iteron.pl\/?page_id=665#primaryimage"},"thumbnailUrl":"http:\/\/iteron.pl\/wp-content\/uploads\/2022\/05\/mistral.png","datePublished":"2019-10-11T19:40:00+00:00","dateModified":"2022-06-06T05:32:38+00:00","breadcrumb":{"@id":"https:\/\/iteron.pl\/?page_id=665#breadcrumb"},"inLanguage":"pl-PL","potentialAction":[{"@type":"ReadAction","target":["https:\/\/iteron.pl\/?page_id=665"]}]},{"@type":"ImageObject","inLanguage":"pl-PL","@id":"https:\/\/iteron.pl\/?page_id=665#primaryimage","url":"https:\/\/iteron.pl\/wp-content\/uploads\/2022\/05\/mistral.png","contentUrl":"https:\/\/iteron.pl\/wp-content\/uploads\/2022\/05\/mistral.png","width":300,"height":117},{"@type":"BreadcrumbList","@id":"https:\/\/iteron.pl\/?page_id=665#breadcrumb","itemListElement":[{"@type":"ListItem","position":1,"name":"Strona g\u0142\u00f3wna","item":"https:\/\/iteron.pl\/"},{"@type":"ListItem","position":2,"name":"Mistral.net"}]},{"@type":"WebSite","@id":"https:\/\/iteron.pl\/#website","url":"https:\/\/iteron.pl\/","name":"Iteron Sp. z o.o.","description":"Programy WAPRO ERP by ASSECO","publisher":{"@id":"https:\/\/iteron.pl\/#organization"},"potentialAction":[{"@type":"SearchAction","target":{"@type":"EntryPoint","urlTemplate":"https:\/\/iteron.pl\/?s={search_term_string}"},"query-input":"required name=search_term_string"}],"inLanguage":"pl-PL"},{"@type":"Organization","@id":"https:\/\/iteron.pl\/#organization","name":"Iteron Sp. z o.o.","url":"https:\/\/iteron.pl\/","logo":{"@type":"ImageObject","inLanguage":"pl-PL","@id":"https:\/\/iteron.pl\/#\/schema\/logo\/image\/","url":"https:\/\/iteron.pl\/wp-content\/uploads\/2022\/05\/cropped-Logo_czerwone.png","contentUrl":"https:\/\/iteron.pl\/wp-content\/uploads\/2022\/05\/cropped-Logo_czerwone.png","width":240,"height":82,"caption":"Iteron Sp. z o.o."},"image":{"@id":"https:\/\/iteron.pl\/#\/schema\/logo\/image\/"}}]}},"_links":{"self":[{"href":"https:\/\/iteron.pl\/index.php?rest_route=\/wp\/v2\/pages\/665"}],"collection":[{"href":"https:\/\/iteron.pl\/index.php?rest_route=\/wp\/v2\/pages"}],"about":[{"href":"https:\/\/iteron.pl\/index.php?rest_route=\/wp\/v2\/types\/page"}],"author":[{"embeddable":true,"href":"https:\/\/iteron.pl\/index.php?rest_route=\/wp\/v2\/users\/1"}],"replies":[{"embeddable":true,"href":"https:\/\/iteron.pl\/index.php?rest_route=%2Fwp%2Fv2%2Fcomments&post=665"}],"version-history":[{"count":18,"href":"https:\/\/iteron.pl\/index.php?rest_route=\/wp\/v2\/pages\/665\/revisions"}],"predecessor-version":[{"id":791,"href":"https:\/\/iteron.pl\/index.php?rest_route=\/wp\/v2\/pages\/665\/revisions\/791"}],"wp:attachment":[{"href":"https:\/\/iteron.pl\/index.php?rest_route=%2Fwp%2Fv2%2Fmedia&parent=665"}],"curies":[{"name":"wp","href":"https:\/\/api.w.org\/{rel}","templated":true}]}}