{"id":673,"date":"2019-10-21T21:29:48","date_gmt":"2019-10-21T21:29:48","guid":{"rendered":"http:\/\/iteron.pl\/?page_id=673"},"modified":"2022-05-28T15:13:11","modified_gmt":"2022-05-28T15:13:11","slug":"szkolenia","status":"publish","type":"page","link":"https:\/\/iteron.pl\/?page_id=673","title":{"rendered":"Szkolenia"},"content":{"rendered":"\n<div class=\"wp-block-media-text alignwide is-stacked-on-mobile\"><figure class=\"wp-block-media-text__media\"><img loading=\"lazy\" decoding=\"async\" width=\"920\" height=\"1024\" src=\"https:\/\/iteron.pl\/wp-content\/uploads\/2022\/05\/tablica-920x1024.png\" alt=\"\" class=\"wp-image-736 size-full\" srcset=\"https:\/\/iteron.pl\/wp-content\/uploads\/2022\/05\/tablica-920x1024.png 920w, https:\/\/iteron.pl\/wp-content\/uploads\/2022\/05\/tablica-270x300.png 270w, https:\/\/iteron.pl\/wp-content\/uploads\/2022\/05\/tablica-768x854.png 768w, https:\/\/iteron.pl\/wp-content\/uploads\/2022\/05\/tablica-1381x1536.png 1381w, https:\/\/iteron.pl\/wp-content\/uploads\/2022\/05\/tablica-1841x2048.png 1841w, https:\/\/iteron.pl\/wp-content\/uploads\/2022\/05\/tablica-1200x1335.png 1200w, https:\/\/iteron.pl\/wp-content\/uploads\/2022\/05\/tablica.png 1954w\" sizes=\"(max-width: 920px) 100vw, 920px\" \/><\/figure><div class=\"wp-block-media-text__content\">\n<p>Oferujemy szkolenia z obs\u0142ugi program\u00f3w <strong>Mistral.net<\/strong> oraz program\u00f3w <strong>Asseco WAPRO<\/strong> dostosowane do potrzeb u\u017cytkownik\u00f3w. Szkolenia prowadzimy stacjonarnie lub zdalnie.<\/p>\n<\/div><\/div>\n","protected":false},"excerpt":{"rendered":"<p>Oferujemy szkolenia z obs\u0142ugi program\u00f3w Mistral.net oraz program\u00f3w Asseco WAPRO dostosowane do potrzeb u\u017cytkownik\u00f3w. Szkolenia prowadzimy stacjonarnie lub zdalnie.<\/p>\n","protected":false},"author":1,"featured_media":0,"parent":0,"menu_order":0,"comment_status":"closed","ping_status":"closed","template":"","meta":{"footnotes":""},"yoast_head":"<!-- This site is optimized with the Yoast SEO plugin v22.8 - https:\/\/yoast.com\/wordpress\/plugins\/seo\/ -->\n<title>Szkolenia - Iteron Sp. z o.o.<\/title>\n<meta name=\"robots\" content=\"index, follow, max-snippet:-1, max-image-preview:large, max-video-preview:-1\" \/>\n<link rel=\"canonical\" href=\"https:\/\/iteron.pl\/?page_id=673\" \/>\n<meta property=\"og:locale\" content=\"pl_PL\" \/>\n<meta property=\"og:type\" content=\"article\" \/>\n<meta property=\"og:title\" content=\"Szkolenia - Iteron Sp. z o.o.\" \/>\n<meta property=\"og:description\" content=\"Oferujemy szkolenia z obs\u0142ugi program\u00f3w Mistral.net oraz program\u00f3w Asseco WAPRO dostosowane do potrzeb u\u017cytkownik\u00f3w. Szkolenia prowadzimy stacjonarnie lub zdalnie.\" \/>\n<meta property=\"og:url\" content=\"https:\/\/iteron.pl\/?page_id=673\" \/>\n<meta property=\"og:site_name\" content=\"Iteron Sp. z o.o.\" \/>\n<meta property=\"article:modified_time\" content=\"2022-05-28T15:13:11+00:00\" \/>\n<meta property=\"og:image\" content=\"https:\/\/iteron.pl\/wp-content\/uploads\/2022\/05\/tablica-920x1024.png\" \/>\n<meta name=\"twitter:card\" content=\"summary_large_image\" \/>\n<script type=\"application\/ld+json\" class=\"yoast-schema-graph\">{\"@context\":\"https:\/\/schema.org\",\"@graph\":[{\"@type\":\"WebPage\",\"@id\":\"https:\/\/iteron.pl\/?page_id=673\",\"url\":\"https:\/\/iteron.pl\/?page_id=673\",\"name\":\"Szkolenia - Iteron Sp. z o.o.\",\"isPartOf\":{\"@id\":\"https:\/\/iteron.pl\/#website\"},\"primaryImageOfPage\":{\"@id\":\"https:\/\/iteron.pl\/?page_id=673#primaryimage\"},\"image\":{\"@id\":\"https:\/\/iteron.pl\/?page_id=673#primaryimage\"},\"thumbnailUrl\":\"https:\/\/iteron.pl\/wp-content\/uploads\/2022\/05\/tablica-920x1024.png\",\"datePublished\":\"2019-10-21T21:29:48+00:00\",\"dateModified\":\"2022-05-28T15:13:11+00:00\",\"breadcrumb\":{\"@id\":\"https:\/\/iteron.pl\/?page_id=673#breadcrumb\"},\"inLanguage\":\"pl-PL\",\"potentialAction\":[{\"@type\":\"ReadAction\",\"target\":[\"https:\/\/iteron.pl\/?page_id=673\"]}]},{\"@type\":\"ImageObject\",\"inLanguage\":\"pl-PL\",\"@id\":\"https:\/\/iteron.pl\/?page_id=673#primaryimage\",\"url\":\"https:\/\/iteron.pl\/wp-content\/uploads\/2022\/05\/tablica.png\",\"contentUrl\":\"https:\/\/iteron.pl\/wp-content\/uploads\/2022\/05\/tablica.png\",\"width\":1954,\"height\":2174},{\"@type\":\"BreadcrumbList\",\"@id\":\"https:\/\/iteron.pl\/?page_id=673#breadcrumb\",\"itemListElement\":[{\"@type\":\"ListItem\",\"position\":1,\"name\":\"Strona g\u0142\u00f3wna\",\"item\":\"https:\/\/iteron.pl\/\"},{\"@type\":\"ListItem\",\"position\":2,\"name\":\"Szkolenia\"}]},{\"@type\":\"WebSite\",\"@id\":\"https:\/\/iteron.pl\/#website\",\"url\":\"https:\/\/iteron.pl\/\",\"name\":\"Iteron Sp. z o.o.\",\"description\":\"Programy WAPRO ERP by ASSECO\",\"publisher\":{\"@id\":\"https:\/\/iteron.pl\/#organization\"},\"potentialAction\":[{\"@type\":\"SearchAction\",\"target\":{\"@type\":\"EntryPoint\",\"urlTemplate\":\"https:\/\/iteron.pl\/?s={search_term_string}\"},\"query-input\":\"required name=search_term_string\"}],\"inLanguage\":\"pl-PL\"},{\"@type\":\"Organization\",\"@id\":\"https:\/\/iteron.pl\/#organization\",\"name\":\"Iteron Sp. z o.o.\",\"url\":\"https:\/\/iteron.pl\/\",\"logo\":{\"@type\":\"ImageObject\",\"inLanguage\":\"pl-PL\",\"@id\":\"https:\/\/iteron.pl\/#\/schema\/logo\/image\/\",\"url\":\"https:\/\/iteron.pl\/wp-content\/uploads\/2022\/05\/cropped-Logo_czerwone.png\",\"contentUrl\":\"https:\/\/iteron.pl\/wp-content\/uploads\/2022\/05\/cropped-Logo_czerwone.png\",\"width\":240,\"height\":82,\"caption\":\"Iteron Sp. z o.o.\"},\"image\":{\"@id\":\"https:\/\/iteron.pl\/#\/schema\/logo\/image\/\"}}]}<\/script>\n<!-- \/ Yoast SEO plugin. -->","yoast_head_json":{"title":"Szkolenia - Iteron Sp. z o.o.","robots":{"index":"index","follow":"follow","max-snippet":"max-snippet:-1","max-image-preview":"max-image-preview:large","max-video-preview":"max-video-preview:-1"},"canonical":"https:\/\/iteron.pl\/?page_id=673","og_locale":"pl_PL","og_type":"article","og_title":"Szkolenia - Iteron Sp. z o.o.","og_description":"Oferujemy szkolenia z obs\u0142ugi program\u00f3w Mistral.net oraz program\u00f3w Asseco WAPRO dostosowane do potrzeb u\u017cytkownik\u00f3w. Szkolenia prowadzimy stacjonarnie lub zdalnie.","og_url":"https:\/\/iteron.pl\/?page_id=673","og_site_name":"Iteron Sp. z o.o.","article_modified_time":"2022-05-28T15:13:11+00:00","og_image":[{"url":"https:\/\/iteron.pl\/wp-content\/uploads\/2022\/05\/tablica-920x1024.png"}],"twitter_card":"summary_large_image","schema":{"@context":"https:\/\/schema.org","@graph":[{"@type":"WebPage","@id":"https:\/\/iteron.pl\/?page_id=673","url":"https:\/\/iteron.pl\/?page_id=673","name":"Szkolenia - Iteron Sp. z o.o.","isPartOf":{"@id":"https:\/\/iteron.pl\/#website"},"primaryImageOfPage":{"@id":"https:\/\/iteron.pl\/?page_id=673#primaryimage"},"image":{"@id":"https:\/\/iteron.pl\/?page_id=673#primaryimage"},"thumbnailUrl":"https:\/\/iteron.pl\/wp-content\/uploads\/2022\/05\/tablica-920x1024.png","datePublished":"2019-10-21T21:29:48+00:00","dateModified":"2022-05-28T15:13:11+00:00","breadcrumb":{"@id":"https:\/\/iteron.pl\/?page_id=673#breadcrumb"},"inLanguage":"pl-PL","potentialAction":[{"@type":"ReadAction","target":["https:\/\/iteron.pl\/?page_id=673"]}]},{"@type":"ImageObject","inLanguage":"pl-PL","@id":"https:\/\/iteron.pl\/?page_id=673#primaryimage","url":"https:\/\/iteron.pl\/wp-content\/uploads\/2022\/05\/tablica.png","contentUrl":"https:\/\/iteron.pl\/wp-content\/uploads\/2022\/05\/tablica.png","width":1954,"height":2174},{"@type":"BreadcrumbList","@id":"https:\/\/iteron.pl\/?page_id=673#breadcrumb","itemListElement":[{"@type":"ListItem","position":1,"name":"Strona g\u0142\u00f3wna","item":"https:\/\/iteron.pl\/"},{"@type":"ListItem","position":2,"name":"Szkolenia"}]},{"@type":"WebSite","@id":"https:\/\/iteron.pl\/#website","url":"https:\/\/iteron.pl\/","name":"Iteron Sp. z o.o.","description":"Programy WAPRO ERP by ASSECO","publisher":{"@id":"https:\/\/iteron.pl\/#organization"},"potentialAction":[{"@type":"SearchAction","target":{"@type":"EntryPoint","urlTemplate":"https:\/\/iteron.pl\/?s={search_term_string}"},"query-input":"required name=search_term_string"}],"inLanguage":"pl-PL"},{"@type":"Organization","@id":"https:\/\/iteron.pl\/#organization","name":"Iteron Sp. z o.o.","url":"https:\/\/iteron.pl\/","logo":{"@type":"ImageObject","inLanguage":"pl-PL","@id":"https:\/\/iteron.pl\/#\/schema\/logo\/image\/","url":"https:\/\/iteron.pl\/wp-content\/uploads\/2022\/05\/cropped-Logo_czerwone.png","contentUrl":"https:\/\/iteron.pl\/wp-content\/uploads\/2022\/05\/cropped-Logo_czerwone.png","width":240,"height":82,"caption":"Iteron Sp. z o.o."},"image":{"@id":"https:\/\/iteron.pl\/#\/schema\/logo\/image\/"}}]}},"_links":{"self":[{"href":"https:\/\/iteron.pl\/index.php?rest_route=\/wp\/v2\/pages\/673"}],"collection":[{"href":"https:\/\/iteron.pl\/index.php?rest_route=\/wp\/v2\/pages"}],"about":[{"href":"https:\/\/iteron.pl\/index.php?rest_route=\/wp\/v2\/types\/page"}],"author":[{"embeddable":true,"href":"https:\/\/iteron.pl\/index.php?rest_route=\/wp\/v2\/users\/1"}],"replies":[{"embeddable":true,"href":"https:\/\/iteron.pl\/index.php?rest_route=%2Fwp%2Fv2%2Fcomments&post=673"}],"version-history":[{"count":7,"href":"https:\/\/iteron.pl\/index.php?rest_route=\/wp\/v2\/pages\/673\/revisions"}],"predecessor-version":[{"id":747,"href":"https:\/\/iteron.pl\/index.php?rest_route=\/wp\/v2\/pages\/673\/revisions\/747"}],"wp:attachment":[{"href":"https:\/\/iteron.pl\/index.php?rest_route=%2Fwp%2Fv2%2Fmedia&parent=673"}],"curies":[{"name":"wp","href":"https:\/\/api.w.org\/{rel}","templated":true}]}}