{"id":9,"date":"2019-09-27T19:14:00","date_gmt":"2019-09-27T19:14:00","guid":{"rendered":"http:\/\/iteron.pl\/?page_id=9"},"modified":"2022-05-28T15:05:19","modified_gmt":"2022-05-28T15:05:19","slug":"o-firmie","status":"publish","type":"page","link":"https:\/\/iteron.pl\/","title":{"rendered":"O firmie"},"content":{"rendered":"\n<p><strong>Programy dla firm <\/strong><\/p>\n\n\n\n<strong style=\"background-attachment: scroll; background-clip: border-box; background-color: transparent; background-image: none; background-origin: padding-box; background-position-x: 0%; background-position-y: 0%; background-repeat: repeat; background-size: auto; box-sizing: border-box; color: #777777; font-family: &quot; open sans&quot;,helvetica,arial,sans-serif; font-size: 13.93px; font-style: normal; font-variant: normal; font-weight: bold; letter-spacing: normal; orphans: 2; text-align: center; text-decoration: none; text-indent: 0px; text-transform: none; -webkit-text-stroke-width: 0px; white-space: normal; word-spacing: 0px;\"><span style=\"background-attachment: scroll; background-clip: border-box; background-color: transparent; background-image: none; background-origin: padding-box; background-position-x: 0%; background-position-y: 0%; background-repeat: repeat; background-size: auto; box-sizing: border-box; color: #000000;\">ITERON<\/span><\/strong>\n\n<span style=\"text-align: center; color: #777777; text-transform: none; text-indent: 0px; letter-spacing: normal; font-family: 'Open Sans',Helvetica,Arial,sans-serif; font-style: normal; font-variant: normal; font-weight: 400; text-decoration: none; word-spacing: 0px; display: inline !important; white-space: normal; word-wrap: break-word; orphans: 2; float: none; -webkit-text-stroke-width: 0px; background-color: transparent;\">\u2013 Br\u0105zowy Partner<\/span> \n<span style=\"background-attachment: scroll; background-clip: border-box; background-color: transparent; background-image: none; background-origin: padding-box; background-position-x: 0%; background-position-y: 0%; background-repeat: repeat; background-size: auto; box-sizing: border-box; color: #000000; font-family: &quot; open sans&quot;,helvetica,arial,sans-serif; font-size: 13.93px; font-style: normal; font-variant: normal; font-weight: 400; letter-spacing: normal; orphans: 2; text-align: center; text-decoration: none; text-indent: 0px; text-transform: none; -webkit-text-stroke-width: 0px; white-space: normal; word-spacing: 0px;\"><strong style=\"background-attachment: scroll; background-clip: border-box; background-color: transparent; background-image: none; background-origin: padding-box; background-position-x: 0%; background-position-y: 0%; background-repeat: repeat; background-size: auto; box-sizing: border-box; color: #000000; font-weight: bold;\">WAPRO<\/strong> <\/span>\n<span style=\"background-attachment: scroll; background-clip: border-box; background-color: transparent; background-image: none; background-origin: padding-box; background-position-x: 0%; background-position-y: 0%; background-repeat: repeat; background-size: auto; box-sizing: border-box; color: #ff0000; font-family: &quot; open sans&quot;,helvetica,arial,sans-serif; font-size: 13.93px; font-style: normal; font-variant: normal; font-weight: 400; letter-spacing: normal; orphans: 2; text-align: center; text-decoration: none; text-indent: 0px; text-transform: none; -webkit-text-stroke-width: 0px; white-space: normal; word-spacing: 0px;\"><strong style=\"background-attachment: scroll; background-clip: border-box; background-color: transparent; background-image: none; background-origin: padding-box; background-position-x: 0%; background-position-y: 0%; background-repeat: repeat; background-size: auto; box-sizing: border-box; color: #ff0000; font-weight: bold;\">ERP<\/strong><\/span>\n\n<span style=\"text-align: center; color: #777777; text-transform: none; text-indent: 0px; letter-spacing: normal; font-family: 'Open Sans',Helvetica,Arial,sans-serif; font-style: normal; font-variant: normal; font-weight: 400; text-decoration: none; word-spacing: 0px; display: inline !important; white-space: normal; word-wrap: break-word; orphans: 2; float: none; -webkit-text-stroke-width: 0px; background-color: transparent;\">&#8211; Dostawca kompleksowych rozwi\u0105za\u0144 informatycznych dla firm<\/span>\n\n\n\n<p><\/p>\n\n\n\n<br style=\"background: none; text-align: center; text-transform: none; text-indent: 0px; letter-spacing: normal; font-size: 13.93px; font-style: normal; font-variant: normal; font-weight: 400; text-decoration: none; word-spacing: 0px; white-space: normal; box-sizing: border-box; orphans: 2; -webkit-text-stroke-width: 0px;\">\n<span style=\"display: inline !important; float: none; background-color: transparent; color: #777777; font-family: 'Open Sans',Helvetica,Arial,sans-serif; font-size: 13.93px; font-style: normal; font-variant: normal; font-weight: 400; letter-spacing: normal; orphans: 2; text-align: center; text-decoration: none; text-indent: 0px; text-transform: none; -webkit-text-stroke-width: 0px; white-space: normal; word-spacing: 0px; word-wrap: break-word;\"> Od wielu lat dostarczamy oprogramowanie do zarz\u0105dzania firm\u0105 dla sektora MSP. Z oferowanych przez nas rozwi\u0105za\u0144 korzysta wiele firm o r\u00f3\u017cnych profilach dzia\u0142alno\u015bci z r\u00f3\u017cnych bran\u017c.&nbsp;Specjalizujemy si\u0119 w oprogramowaniu marki <\/span>\n<strong style=\"background-attachment: scroll; background-clip: border-box; background-color: transparent; background-image: none; background-origin: padding-box; background-position-x: 0%; background-position-y: 0%; background-repeat: repeat; background-size: auto; box-sizing: border-box; color: #777777; font-family: &quot; open sans&quot;,helvetica,arial,sans-serif; font-size: 13.93px; font-style: normal; font-variant: normal; font-weight: bold; letter-spacing: normal; orphans: 2; text-align: center; text-decoration: none; text-indent: 0px; text-transform: none; -webkit-text-stroke-width: 0px; white-space: normal; word-spacing: 0px;\"><span style=\"background-attachment: scroll; background-clip: border-box; background-color: transparent; background-image: none; background-origin: padding-box; background-position-x: 0%; background-position-y: 0%; background-repeat: repeat; background-size: auto; box-sizing: border-box; color: #000000;\">WAPRO<\/span> <span style=\"background-attachment: scroll; background-clip: border-box; background-color: transparent; background-image: none; background-origin: padding-box; background-position-x: 0%; background-position-y: 0%; background-repeat: repeat; background-size: auto; box-sizing: border-box; color: #ff0000;\">ERP<\/span><\/strong>\n<span style=\"display: inline !important; float: none; background-color: transparent; color: #777777; font-family: 'Open Sans',Helvetica,Arial,sans-serif; font-size: 13.93px; font-style: normal; font-variant: normal; font-weight: 400; letter-spacing: normal; orphans: 2; text-align: center; text-decoration: none; text-indent: 0px; text-transform: none; -webkit-text-stroke-width: 0px; white-space: normal; word-spacing: 0px; word-wrap: break-word;\"> by Asseco nale\u017c\u0105cej do firmy Asseco Business Solutions S.A., kt\u00f3rego funkcjonalno\u015b\u0107 uzupe\u0142niamy o w\u0142asne rozwi\u0105zania.&nbsp;Oferujemy pe\u0142n\u0105 gam\u0119 oprogramowania <\/span>\n<span style=\"background-attachment: scroll; background-clip: border-box; background-color: transparent; background-image: none; background-origin: padding-box; background-position-x: 0%; background-position-y: 0%; background-repeat: repeat; background-size: auto; box-sizing: border-box; color: #000000; font-family: &quot; open sans&quot;,helvetica,arial,sans-serif; font-size: 13.93px; font-style: normal; font-variant: normal; font-weight: 400; letter-spacing: normal; orphans: 2; text-align: center; text-decoration: none; text-indent: 0px; text-transform: none; -webkit-text-stroke-width: 0px; white-space: normal; word-spacing: 0px;\"><strong style=\"background-attachment: scroll; background-clip: border-box; background-color: transparent; background-image: none; background-origin: padding-box; background-position-x: 0%; background-position-y: 0%; background-repeat: repeat; background-size: auto; box-sizing: border-box; color: #000000; font-weight: bold;\">WAPRO<\/strong> <\/span>\n<span style=\"background-attachment: scroll; background-clip: border-box; background-color: transparent; background-image: none; background-origin: padding-box; background-position-x: 0%; background-position-y: 0%; background-repeat: repeat; background-size: auto; box-sizing: border-box; color: #ff0000; font-family: &quot; open sans&quot;,helvetica,arial,sans-serif; font-size: 13.93px; font-style: normal; font-variant: normal; font-weight: 400; letter-spacing: normal; orphans: 2; text-align: center; text-decoration: none; text-indent: 0px; text-transform: none; -webkit-text-stroke-width: 0px; white-space: normal; word-spacing: 0px;\"><strong style=\"background-attachment: scroll; background-clip: border-box; background-color: transparent; background-image: none; background-origin: padding-box; background-position-x: 0%; background-position-y: 0%; background-repeat: repeat; background-size: auto; box-sizing: border-box; color: #ff0000; font-weight: bold;\">ERP<\/strong><\/span>\n<span style=\"display: inline !important; float: none; background-color: transparent; color: #777777; font-family: 'Open Sans',Helvetica,Arial,sans-serif; font-size: 13.93px; font-style: normal; font-variant: normal; font-weight: 400; letter-spacing: normal; orphans: 2; text-align: center; text-decoration: none; text-indent: 0px; text-transform: none; -webkit-text-stroke-width: 0px; white-space: normal; word-spacing: 0px; word-wrap: break-word;\"> by Asseco oraz wiele aplikacji, dodatk\u00f3w i raport\u00f3w naszego autorstwa wsp\u00f3\u0142pracuj\u0105cych z systemem WAPRO Mag.&nbsp;\nOd 2007 roku jeste\u015bmy wsp\u00f3\u0142producentem systemu internetowego Mistral &#8211;  zaawansowanej platformy sprzeda\u017cy i obs\u0142ugi Klienta. <\/span>\n\n\n\n<p><\/p>\n\n\n\n<hr style=\"border: 0px; background: red; height: 1px;\">\n\n\n\n<div class=\"wp-block-group\"><div class=\"wp-block-group__inner-container is-layout-flow wp-block-group-is-layout-flow\">\n<div class=\"wp-block-columns is-layout-flex wp-container-core-columns-is-layout-1 wp-block-columns-is-layout-flex\">\n<div class=\"wp-block-column is-layout-flow wp-block-column-is-layout-flow\" style=\"flex-basis:100%\">\n<figure class=\"wp-block-image size-full\"><a href=\"https:\/\/iteron.pl\/wp-content\/uploads\/2022\/05\/partner_brazowy_244x48.png\"><img loading=\"lazy\" decoding=\"async\" width=\"244\" height=\"48\" src=\"https:\/\/iteron.pl\/wp-content\/uploads\/2022\/05\/partner_brazowy_244x48.png\" alt=\"Br\u0105zowy Partner WAPRO\" class=\"wp-image-735\"\/><\/a><\/figure>\n<\/div>\n<\/div>\n<\/div><\/div>\n","protected":false},"excerpt":{"rendered":"<p>Programy dla firm ITERON \u2013 Br\u0105zowy Partner WAPRO ERP &#8211; Dostawca kompleksowych rozwi\u0105za\u0144 informatycznych dla firm Od wielu lat dostarczamy oprogramowanie do [&hellip;]<\/p>\n","protected":false},"author":1,"featured_media":0,"parent":0,"menu_order":0,"comment_status":"closed","ping_status":"closed","template":"","meta":{"footnotes":""},"yoast_head":"<!-- This site is optimized with the Yoast SEO plugin v22.8 - https:\/\/yoast.com\/wordpress\/plugins\/seo\/ -->\n<title>O firmie - Iteron Sp. z o.o.<\/title>\n<meta name=\"robots\" content=\"index, follow, max-snippet:-1, max-image-preview:large, max-video-preview:-1\" \/>\n<link rel=\"canonical\" href=\"https:\/\/iteron.pl\/\" \/>\n<meta property=\"og:locale\" content=\"pl_PL\" \/>\n<meta property=\"og:type\" content=\"article\" \/>\n<meta property=\"og:title\" content=\"O firmie - Iteron Sp. z o.o.\" \/>\n<meta property=\"og:description\" content=\"Programy dla firm ITERON \u2013 Br\u0105zowy Partner WAPRO ERP &#8211; Dostawca kompleksowych rozwi\u0105za\u0144 informatycznych dla firm Od wielu lat dostarczamy oprogramowanie do [&hellip;]\" \/>\n<meta property=\"og:url\" content=\"https:\/\/iteron.pl\/\" \/>\n<meta property=\"og:site_name\" content=\"Iteron Sp. z o.o.\" \/>\n<meta property=\"article:modified_time\" content=\"2022-05-28T15:05:19+00:00\" \/>\n<meta property=\"og:image\" content=\"https:\/\/iteron.pl\/wp-content\/uploads\/2022\/05\/partner_brazowy_244x48.png\" \/>\n<meta name=\"twitter:card\" content=\"summary_large_image\" \/>\n<meta name=\"twitter:label1\" content=\"Szacowany czas czytania\" \/>\n\t<meta name=\"twitter:data1\" content=\"1 minuta\" \/>\n<script type=\"application\/ld+json\" class=\"yoast-schema-graph\">{\"@context\":\"https:\/\/schema.org\",\"@graph\":[{\"@type\":\"WebPage\",\"@id\":\"https:\/\/iteron.pl\/\",\"url\":\"https:\/\/iteron.pl\/\",\"name\":\"O firmie - Iteron Sp. z o.o.\",\"isPartOf\":{\"@id\":\"https:\/\/iteron.pl\/#website\"},\"primaryImageOfPage\":{\"@id\":\"https:\/\/iteron.pl\/#primaryimage\"},\"image\":{\"@id\":\"https:\/\/iteron.pl\/#primaryimage\"},\"thumbnailUrl\":\"https:\/\/iteron.pl\/wp-content\/uploads\/2022\/05\/partner_brazowy_244x48.png\",\"datePublished\":\"2019-09-27T19:14:00+00:00\",\"dateModified\":\"2022-05-28T15:05:19+00:00\",\"breadcrumb\":{\"@id\":\"https:\/\/iteron.pl\/#breadcrumb\"},\"inLanguage\":\"pl-PL\",\"potentialAction\":[{\"@type\":\"ReadAction\",\"target\":[\"https:\/\/iteron.pl\/\"]}]},{\"@type\":\"ImageObject\",\"inLanguage\":\"pl-PL\",\"@id\":\"https:\/\/iteron.pl\/#primaryimage\",\"url\":\"https:\/\/iteron.pl\/wp-content\/uploads\/2022\/05\/partner_brazowy_244x48.png\",\"contentUrl\":\"https:\/\/iteron.pl\/wp-content\/uploads\/2022\/05\/partner_brazowy_244x48.png\",\"width\":244,\"height\":48,\"caption\":\"Br\u0105zowy Partner WAPRO\"},{\"@type\":\"BreadcrumbList\",\"@id\":\"https:\/\/iteron.pl\/#breadcrumb\",\"itemListElement\":[{\"@type\":\"ListItem\",\"position\":1,\"name\":\"Strona g\u0142\u00f3wna\",\"item\":\"https:\/\/iteron.pl\/\"},{\"@type\":\"ListItem\",\"position\":2,\"name\":\"O firmie\"}]},{\"@type\":\"WebSite\",\"@id\":\"https:\/\/iteron.pl\/#website\",\"url\":\"https:\/\/iteron.pl\/\",\"name\":\"Iteron Sp. z o.o.\",\"description\":\"Programy WAPRO ERP by ASSECO\",\"publisher\":{\"@id\":\"https:\/\/iteron.pl\/#organization\"},\"potentialAction\":[{\"@type\":\"SearchAction\",\"target\":{\"@type\":\"EntryPoint\",\"urlTemplate\":\"https:\/\/iteron.pl\/?s={search_term_string}\"},\"query-input\":\"required name=search_term_string\"}],\"inLanguage\":\"pl-PL\"},{\"@type\":\"Organization\",\"@id\":\"https:\/\/iteron.pl\/#organization\",\"name\":\"Iteron Sp. z o.o.\",\"url\":\"https:\/\/iteron.pl\/\",\"logo\":{\"@type\":\"ImageObject\",\"inLanguage\":\"pl-PL\",\"@id\":\"https:\/\/iteron.pl\/#\/schema\/logo\/image\/\",\"url\":\"https:\/\/iteron.pl\/wp-content\/uploads\/2022\/05\/cropped-Logo_czerwone.png\",\"contentUrl\":\"https:\/\/iteron.pl\/wp-content\/uploads\/2022\/05\/cropped-Logo_czerwone.png\",\"width\":240,\"height\":82,\"caption\":\"Iteron Sp. z o.o.\"},\"image\":{\"@id\":\"https:\/\/iteron.pl\/#\/schema\/logo\/image\/\"}}]}<\/script>\n<!-- \/ Yoast SEO plugin. -->","yoast_head_json":{"title":"O firmie - Iteron Sp. z o.o.","robots":{"index":"index","follow":"follow","max-snippet":"max-snippet:-1","max-image-preview":"max-image-preview:large","max-video-preview":"max-video-preview:-1"},"canonical":"https:\/\/iteron.pl\/","og_locale":"pl_PL","og_type":"article","og_title":"O firmie - Iteron Sp. z o.o.","og_description":"Programy dla firm ITERON \u2013 Br\u0105zowy Partner WAPRO ERP &#8211; Dostawca kompleksowych rozwi\u0105za\u0144 informatycznych dla firm Od wielu lat dostarczamy oprogramowanie do [&hellip;]","og_url":"https:\/\/iteron.pl\/","og_site_name":"Iteron Sp. z o.o.","article_modified_time":"2022-05-28T15:05:19+00:00","og_image":[{"url":"https:\/\/iteron.pl\/wp-content\/uploads\/2022\/05\/partner_brazowy_244x48.png"}],"twitter_card":"summary_large_image","twitter_misc":{"Szacowany czas czytania":"1 minuta"},"schema":{"@context":"https:\/\/schema.org","@graph":[{"@type":"WebPage","@id":"https:\/\/iteron.pl\/","url":"https:\/\/iteron.pl\/","name":"O firmie - Iteron Sp. z o.o.","isPartOf":{"@id":"https:\/\/iteron.pl\/#website"},"primaryImageOfPage":{"@id":"https:\/\/iteron.pl\/#primaryimage"},"image":{"@id":"https:\/\/iteron.pl\/#primaryimage"},"thumbnailUrl":"https:\/\/iteron.pl\/wp-content\/uploads\/2022\/05\/partner_brazowy_244x48.png","datePublished":"2019-09-27T19:14:00+00:00","dateModified":"2022-05-28T15:05:19+00:00","breadcrumb":{"@id":"https:\/\/iteron.pl\/#breadcrumb"},"inLanguage":"pl-PL","potentialAction":[{"@type":"ReadAction","target":["https:\/\/iteron.pl\/"]}]},{"@type":"ImageObject","inLanguage":"pl-PL","@id":"https:\/\/iteron.pl\/#primaryimage","url":"https:\/\/iteron.pl\/wp-content\/uploads\/2022\/05\/partner_brazowy_244x48.png","contentUrl":"https:\/\/iteron.pl\/wp-content\/uploads\/2022\/05\/partner_brazowy_244x48.png","width":244,"height":48,"caption":"Br\u0105zowy Partner WAPRO"},{"@type":"BreadcrumbList","@id":"https:\/\/iteron.pl\/#breadcrumb","itemListElement":[{"@type":"ListItem","position":1,"name":"Strona g\u0142\u00f3wna","item":"https:\/\/iteron.pl\/"},{"@type":"ListItem","position":2,"name":"O firmie"}]},{"@type":"WebSite","@id":"https:\/\/iteron.pl\/#website","url":"https:\/\/iteron.pl\/","name":"Iteron Sp. z o.o.","description":"Programy WAPRO ERP by ASSECO","publisher":{"@id":"https:\/\/iteron.pl\/#organization"},"potentialAction":[{"@type":"SearchAction","target":{"@type":"EntryPoint","urlTemplate":"https:\/\/iteron.pl\/?s={search_term_string}"},"query-input":"required name=search_term_string"}],"inLanguage":"pl-PL"},{"@type":"Organization","@id":"https:\/\/iteron.pl\/#organization","name":"Iteron Sp. z o.o.","url":"https:\/\/iteron.pl\/","logo":{"@type":"ImageObject","inLanguage":"pl-PL","@id":"https:\/\/iteron.pl\/#\/schema\/logo\/image\/","url":"https:\/\/iteron.pl\/wp-content\/uploads\/2022\/05\/cropped-Logo_czerwone.png","contentUrl":"https:\/\/iteron.pl\/wp-content\/uploads\/2022\/05\/cropped-Logo_czerwone.png","width":240,"height":82,"caption":"Iteron Sp. z o.o."},"image":{"@id":"https:\/\/iteron.pl\/#\/schema\/logo\/image\/"}}]}},"_links":{"self":[{"href":"https:\/\/iteron.pl\/index.php?rest_route=\/wp\/v2\/pages\/9"}],"collection":[{"href":"https:\/\/iteron.pl\/index.php?rest_route=\/wp\/v2\/pages"}],"about":[{"href":"https:\/\/iteron.pl\/index.php?rest_route=\/wp\/v2\/types\/page"}],"author":[{"embeddable":true,"href":"https:\/\/iteron.pl\/index.php?rest_route=\/wp\/v2\/users\/1"}],"replies":[{"embeddable":true,"href":"https:\/\/iteron.pl\/index.php?rest_route=%2Fwp%2Fv2%2Fcomments&post=9"}],"version-history":[{"count":30,"href":"https:\/\/iteron.pl\/index.php?rest_route=\/wp\/v2\/pages\/9\/revisions"}],"predecessor-version":[{"id":790,"href":"https:\/\/iteron.pl\/index.php?rest_route=\/wp\/v2\/pages\/9\/revisions\/790"}],"wp:attachment":[{"href":"https:\/\/iteron.pl\/index.php?rest_route=%2Fwp%2Fv2%2Fmedia&parent=9"}],"curies":[{"name":"wp","href":"https:\/\/api.w.org\/{rel}","templated":true}]}}